{"id":62,"date":"2020-08-24T08:08:54","date_gmt":"2020-08-24T13:08:54","guid":{"rendered":"https:\/\/severity.com.co\/index.php\/contact\/"},"modified":"2024-08-20T12:16:03","modified_gmt":"2024-08-20T17:16:03","slug":"contact","status":"publish","type":"page","link":"https:\/\/severity.com.co\/index.php\/contact\/","title":{"rendered":"Contact"},"content":{"rendered":"\t\t<div data-elementor-type=\"wp-page\" data-elementor-id=\"62\" class=\"elementor elementor-62\">\n\t\t\t\t\t\t<section class=\"elementor-section elementor-top-section elementor-element elementor-element-be02e88 elementor-section-content-middle elementor-reverse-tablet elementor-section-boxed elementor-section-height-default elementor-section-height-default\" data-id=\"be02e88\" data-element_type=\"section\">\n\t\t\t\t\t\t<div class=\"elementor-container elementor-column-gap-no\">\n\t\t\t\t\t<div class=\"aux-parallax-section elementor-column elementor-col-50 elementor-top-column elementor-element elementor-element-55793c6\" data-id=\"55793c6\" data-element_type=\"column\">\n\t\t\t<div class=\"elementor-widget-wrap elementor-element-populated\">\n\t\t\t\t\t\t<div class=\"elementor-element elementor-element-205c490 aux-appear-watch-animation aux-fade-in-up-1 elementor-widget elementor-widget-aux_modern_heading\" data-id=\"205c490\" data-element_type=\"widget\" data-widget_type=\"aux_modern_heading.default\">\n\t\t\t\t<div class=\"elementor-widget-container\">\n\t\t\t\t\t<section class=\"aux-widget-modern-heading\">\n            <div class=\"aux-widget-inner\"><h3 class=\"aux-modern-heading-primary\">Contacta con nosotros<\/h3><h3 class=\"aux-modern-heading-secondary\"><span class=\"aux-head-highlight\">P\u00f3ngase en contacto con nosotros,<\/span><\/h3><\/div>\n        <\/section>\t\t\t\t<\/div>\n\t\t\t\t<\/div>\n\t\t\t\t<div class=\"elementor-element elementor-element-979d1a7 elementor-widget elementor-widget-wpforms\" data-id=\"979d1a7\" data-element_type=\"widget\" data-widget_type=\"wpforms.default\">\n\t\t\t\t<div class=\"elementor-widget-container\">\n\t\t\t\t\t<style id=\"wpforms-css-vars-elementor-widget-979d1a7\">\n\t\t\t\t.elementor-widget-wpforms.elementor-element-979d1a7 {\n\t\t\t\t--wpforms-field-background-color: #FFFFFF00;\n--wpforms-field-border-color: #000000;\n--wpforms-field-border-color-spare: #000000;\n--wpforms-button-background-color: rgb(218, 34, 35);\n--wpforms-field-size-input-height: 43px;\n--wpforms-field-size-input-spacing: 15px;\n--wpforms-field-size-font-size: 16px;\n--wpforms-field-size-line-height: 19px;\n--wpforms-field-size-padding-h: 14px;\n--wpforms-field-size-checkbox-size: 16px;\n--wpforms-field-size-sublabel-spacing: 5px;\n--wpforms-field-size-icon-size: 1;\n--wpforms-label-size-font-size: 16px;\n--wpforms-label-size-line-height: 19px;\n--wpforms-label-size-sublabel-font-size: 14px;\n--wpforms-label-size-sublabel-line-height: 17px;\n--wpforms-button-size-font-size: 17px;\n--wpforms-button-size-height: 41px;\n--wpforms-button-size-padding-h: 15px;\n--wpforms-button-size-margin-top: 10px;\n\n\t\t\t}\n\t\t\t<\/style><div class=\"wpforms-container wpforms-container-full wpforms-render-modern\" id=\"wpforms-257\"><form id=\"wpforms-form-257\" class=\"wpforms-validate wpforms-form wpforms-ajax-form\" data-formid=\"257\" method=\"post\" enctype=\"multipart\/form-data\" action=\"\/index.php\/wp-json\/wp\/v2\/pages\/62\" data-token=\"719fa54007d64543b438441bbb87bd9c\" data-token-time=\"1776852882\"><noscript class=\"wpforms-error-noscript\">Please enable JavaScript in your browser to complete this form.<\/noscript><div class=\"wpforms-hidden\" id=\"wpforms-error-noscript\">Please enable JavaScript in your browser to complete this form.<\/div><div class=\"wpforms-field-container\"><div id=\"wpforms-257-field_0-container\" class=\"wpforms-field wpforms-field-name\" data-field-id=\"0\"><fieldset><legend class=\"wpforms-field-label wpforms-label-hide\" aria-hidden=\"false\">Nombre <span class=\"wpforms-required-label\" aria-hidden=\"true\">*<\/span><\/legend><div class=\"wpforms-field-row wpforms-field-medium\"><div class=\"wpforms-field-row-block wpforms-first wpforms-one-half\"><input type=\"text\" id=\"wpforms-257-field_0\" class=\"wpforms-field-name-first wpforms-field-required\" name=\"wpforms[fields][0][first]\" placeholder=\"Nombres\" aria-errormessage=\"wpforms-257-field_0-error\" required><label for=\"wpforms-257-field_0\" class=\"wpforms-field-sublabel after wpforms-sublabel-hide\">First<\/label><\/div><div class=\"wpforms-field-row-block wpforms-one-half\"><input type=\"text\" id=\"wpforms-257-field_0-last\" class=\"wpforms-field-name-last wpforms-field-required\" name=\"wpforms[fields][0][last]\" placeholder=\"Apellidos\" aria-errormessage=\"wpforms-257-field_0-last-error\" required><label for=\"wpforms-257-field_0-last\" class=\"wpforms-field-sublabel after wpforms-sublabel-hide\">Last<\/label><\/div><\/div><\/fieldset><\/div><div id=\"wpforms-257-field_1-container\" class=\"wpforms-field wpforms-field-email\" data-field-id=\"1\"><label class=\"wpforms-field-label\" for=\"wpforms-257-field_1\">Correo electr\u00f3nico <span class=\"wpforms-required-label\" aria-hidden=\"true\">*<\/span><\/label><input type=\"email\" id=\"wpforms-257-field_1\" class=\"wpforms-field-medium wpforms-field-required\" name=\"wpforms[fields][1]\" spellcheck=\"false\" aria-errormessage=\"wpforms-257-field_1-error\" required><\/div><div id=\"wpforms-257-field_2-container\" class=\"wpforms-field wpforms-field-textarea\" data-field-id=\"2\"><label class=\"wpforms-field-label\" for=\"wpforms-257-field_2\">Comentario o mensaje<\/label><textarea id=\"wpforms-257-field_2\" class=\"wpforms-field-medium\" name=\"wpforms[fields][2]\" aria-errormessage=\"wpforms-257-field_2-error\" ><\/textarea><\/div><\/div><!-- .wpforms-field-container --><div class=\"wpforms-submit-container\" ><input type=\"hidden\" name=\"wpforms[id]\" value=\"257\"><input type=\"hidden\" name=\"page_title\" value=\"\"><input type=\"hidden\" name=\"page_url\" value=\"https:\/\/severity.com.co\/index.php\/wp-json\/wp\/v2\/pages\/62\"><input type=\"hidden\" name=\"url_referer\" value=\"\"><button type=\"submit\" name=\"wpforms[submit]\" id=\"wpforms-submit-257\" class=\"wpforms-submit\" data-alt-text=\"Enviando...\" data-submit-text=\"Enviar\" aria-live=\"assertive\" value=\"wpforms-submit\">Enviar<\/button><img decoding=\"async\" src=\"https:\/\/severity.com.co\/wp-content\/plugins\/wpforms-lite\/assets\/images\/submit-spin.svg\" class=\"wpforms-submit-spinner\" style=\"display: none;\" width=\"26\" height=\"26\" alt=\"Loading\"><\/div><\/form><\/div>  <!-- .wpforms-container -->\t\t\t\t<\/div>\n\t\t\t\t<\/div>\n\t\t\t\t\t<\/div>\n\t\t<\/div>\n\t\t\t\t<div class=\"aux-parallax-section elementor-column elementor-col-50 elementor-top-column elementor-element elementor-element-62a8b50\" data-id=\"62a8b50\" data-element_type=\"column\">\n\t\t\t<div class=\"elementor-widget-wrap elementor-element-populated\">\n\t\t\t\t\t\t<div class=\"elementor-element elementor-element-0b93dd3 elementor-widget elementor-widget-html\" data-id=\"0b93dd3\" data-element_type=\"widget\" data-widget_type=\"html.default\">\n\t\t\t\t<div class=\"elementor-widget-container\">\n\t\t\t\t\t<iframe src=\"https:\/\/www.google.com\/maps\/embed?pb=!1m18!1m12!1m3!1d3976.4332361945235!2d-74.08270042527424!3d4.694540741711473!2m3!1f0!2f0!3f0!3m2!1i1024!2i768!4f13.1!3m3!1m2!1s0x8e3f9b26547e33e5%3A0x4d5b8a2ea3839dfd!2sCl.%2097%20%2370c-89%20T7%20of%20501%2C%20Bogot%C3%A1!5e0!3m2!1ses!2sco!4v1720276344196!5m2!1ses!2sco\" width=\"800\" height=\"600\" style=\"border:0;\" allowfullscreen=\"\" loading=\"lazy\" referrerpolicy=\"no-referrer-when-downgrade\"><\/iframe>\t\t\t\t<\/div>\n\t\t\t\t<\/div>\n\t\t\t\t\t<\/div>\n\t\t<\/div>\n\t\t\t\t\t<\/div>\n\t\t<\/section>\n\t\t\t\t<section class=\"elementor-section elementor-top-section elementor-element elementor-element-44bbf38 elementor-section-content-middle elementor-section-boxed elementor-section-height-default elementor-section-height-default\" data-id=\"44bbf38\" data-element_type=\"section\">\n\t\t\t\t\t\t<div class=\"elementor-container elementor-column-gap-no\">\n\t\t\t\t\t<div class=\"aux-parallax-section elementor-column elementor-col-33 elementor-top-column elementor-element elementor-element-f83b250\" data-id=\"f83b250\" data-element_type=\"column\">\n\t\t\t<div class=\"elementor-widget-wrap elementor-element-populated\">\n\t\t\t\t\t\t<div class=\"elementor-element elementor-element-9ee00db elementor-widget__width-auto aux-appear-watch-animation aux-fade-in-right-2 elementor-widget elementor-widget-aux_text\" data-id=\"9ee00db\" data-element_type=\"widget\" data-widget_type=\"aux_text.default\">\n\t\t\t\t<div class=\"elementor-widget-container\">\n\t\t\t\t\t<section class=\"widget-container aux-widget-text aux-parent-au7fe280e7\">        <div class=\"aux-widget-advanced-text aux-wrap-style-simple aux-ico-pos-left aux-text-left aux-text-resp- aux-text-color-dark aux-text-widget-bg-center  \" >\n        \n                            <div class=\"aux-text-widget-header \"  >\n                        <div class=\"aux-ico-box aux-ico-large aux-ico-clear \">\n                                                                <svg xmlns=\"http:\/\/www.w3.org\/2000\/svg\" width=\"33.378\" height=\"33.379\" viewBox=\"0 0 33.378 33.379\"><g transform=\"translate(0 -4.789)\"><path d=\"M35.011,39.275a5.627,5.627,0,0,0-3.588-1.545,5.786,5.786,0,0,0-3.4,1.33l-.07.052v0c-.469.365-1.49,1.306-1.5,1.314a1.19,1.19,0,0,1-.677.22.515.515,0,0,1-.092-.007c-.019-.006-1.887-.595-5.619-4.274-3.656-3.715-4.251-5.577-4.252-5.578a1.156,1.156,0,0,1,.22-.809c.4-.435,1.1-1.216,1.363-1.568l0,0c1.823-2.484,1.756-4.57-.223-6.973-1.321-1.6-2.966-3.257-5.148-3.362-1.667-.086-3.326.734-5.1,2.507a7.066,7.066,0,0,0-1.675,6.755c.132.758,1.506,7.625,8.872,14.99S28.354,51.065,29.08,51.19a7.339,7.339,0,0,0,1.932.257h0a6.875,6.875,0,0,0,4.854-1.926c1.766-1.767,2.586-3.435,2.506-5.1C38.268,42.24,36.614,40.6,35.011,39.275Zm-.63,8.761a4.755,4.755,0,0,1-3.358,1.311,5.306,5.306,0,0,1-1.414-.191c-.038-.011-.077-.02-.115-.026-.067-.011-6.8-1.209-13.884-8.29C8.555,33.788,7.33,27.021,7.318,26.956a.946.946,0,0,0-.024-.113,4.951,4.951,0,0,1,1.118-4.775c1.278-1.277,2.387-1.9,3.392-1.9.04,0,.079,0,.118,0,1.365.066,2.6,1.352,3.628,2.6,1.362,1.653,1.4,2.679.171,4.37l-.046.062c-.2.256-.834.967-1.2,1.368a3.181,3.181,0,0,0-.7,2.709c.053.218.621,2.249,4.49,6.246a.69.69,0,0,0,.076.089l.5.5a.431.431,0,0,0,.074.062c4.011,3.881,6.041,4.451,6.258,4.5a2.644,2.644,0,0,0,.611.069,3.211,3.211,0,0,0,2.1-.772c.414-.381,1.158-1.049,1.392-1.221a3.706,3.706,0,0,1,2.152-.914A3.648,3.648,0,0,1,33.675,40.9c1.249,1.027,2.534,2.261,2.6,3.627C36.325,45.562,35.706,46.71,34.381,48.036Z\" transform=\"translate(-5 -13.279)\" \/><\/g><\/svg>                                                    <\/div>\n                <\/div>\n            \n            <div class=\"aux-text-inner aux-text-widget-content\">\n                                <h4 class=\"col-title\">Nuestro Tel\u00e9fono<\/h4>\n                                <div class=\"widget-content\">\n                                        <p><a href=\"tel:318 8031595\">+57 3188031595<\/a><\/p>                <\/div>\n                            <\/div>\n        <\/div>\n                    <div class=\"aux-text-widget-footer\">\n                <div class=\"aux-border-shape-none \">\n                                <\/div>\n            <\/div>\n        \n<\/section><!-- widget-container -->\t\t\t\t<\/div>\n\t\t\t\t<\/div>\n\t\t\t\t\t<\/div>\n\t\t<\/div>\n\t\t\t\t<div class=\"aux-parallax-section elementor-column elementor-col-33 elementor-top-column elementor-element elementor-element-efda640\" data-id=\"efda640\" data-element_type=\"column\">\n\t\t\t<div class=\"elementor-widget-wrap elementor-element-populated\">\n\t\t\t\t\t\t<div class=\"elementor-element elementor-element-057c05c elementor-widget__width-auto aux-appear-watch-animation aux-scale-down elementor-widget elementor-widget-aux_text\" data-id=\"057c05c\" data-element_type=\"widget\" data-widget_type=\"aux_text.default\">\n\t\t\t\t<div class=\"elementor-widget-container\">\n\t\t\t\t\t<section class=\"widget-container aux-widget-text aux-parent-au35c1db61\">        <div class=\"aux-widget-advanced-text aux-wrap-style-simple aux-ico-pos-left aux-text-left aux-text-resp- aux-text-color-dark aux-text-widget-bg-center  \" >\n        \n                            <div class=\"aux-text-widget-header \"  >\n                        <div class=\"aux-ico-box aux-ico-large aux-ico-clear \">\n                                                                <svg xmlns=\"http:\/\/www.w3.org\/2000\/svg\" width=\"78.456\" height=\"88.528\" viewBox=\"0 0 78.456 88.528\"><g transform=\"matrix(1, 0, 0, 1, 0, 0)\"><g transform=\"translate(1421.5 -136.5)\" fill=\"none\"><path d=\"M-1387.271,197.528h0c-.172-.185-4.267-4.583-8.364-10.078a70.488,70.488,0,0,1-5.75-8.854c-1.734-3.273-2.614-5.988-2.614-8.069a16.318,16.318,0,0,1,4.9-11.685,16.724,16.724,0,0,1,11.829-4.84,16.722,16.722,0,0,1,11.828,4.84,16.318,16.318,0,0,1,4.9,11.685c0,2.082-.879,4.8-2.614,8.069a70.486,70.486,0,0,1-5.75,8.854c-4.094,5.492-8.191,9.893-8.363,10.078Zm.315-34.747a6.858,6.858,0,0,0-6.891,6.809,6.858,6.858,0,0,0,6.891,6.808,6.859,6.859,0,0,0,6.893-6.808A6.859,6.859,0,0,0-1386.957,162.781Z\" stroke=\"none\" \/><path d=\"M -1387.271362304688 194.5447692871094 C -1385.71044921875 192.7806396484375 -1383.111694335938 189.7424163818359 -1380.510864257813 186.2535247802734 C -1378.143920898438 183.0781860351563 -1376.264404296875 180.1862487792969 -1374.924560546875 177.6579895019531 C -1372.956665039063 173.9447021484375 -1372.543579101563 171.7295074462891 -1372.543579101563 170.5250701904297 C -1372.543579101563 166.6498260498047 -1374.072387695313 163.0052490234375 -1376.848388671875 160.2627563476563 C -1379.630859375 157.5138244628906 -1383.33251953125 155.9999237060547 -1387.271240234375 155.9999237060547 C -1391.210083007813 155.9999237060547 -1394.911987304688 157.5138702392578 -1397.69482421875 160.2627563476563 C -1400.471069335938 163.0054779052734 -1402 166.6500396728516 -1402 170.5250701904297 C -1402 171.729248046875 -1401.5869140625 173.9442291259766 -1399.619018554688 177.6578826904297 C -1398.278564453125 180.1869049072266 -1396.39892578125 183.078857421875 -1394.032348632813 186.2533874511719 C -1391.42919921875 189.7450256347656 -1388.83154296875 192.7816925048828 -1387.271362304688 194.5447692871094 M -1386.956665039063 160.7806549072266 C -1382.05322265625 160.7806549072266 -1378.064086914063 164.7321319580078 -1378.064086914063 169.5891571044922 C -1378.064086914063 174.4461669921875 -1382.05322265625 178.3976440429688 -1386.956665039063 178.3976440429688 C -1391.859252929688 178.3976440429688 -1395.847778320313 174.4461669921875 -1395.847778320313 169.5891571044922 C -1395.847778320313 164.7321319580078 -1391.859252929688 160.7806549072266 -1386.956665039063 160.7806549072266 M -1387.271240234375 197.5276184082031 L -1387.272216796875 197.5265808105469 C -1387.444580078125 197.3419952392578 -1391.53955078125 192.943115234375 -1395.6357421875 187.4487915039063 C -1398.063720703125 184.1919403076172 -1399.998291015625 181.2129364013672 -1401.386108398438 178.5944976806641 C -1403.120483398438 175.3215789794922 -1404 172.6066436767578 -1404 170.5250701904297 C -1404 166.1111450195313 -1402.259887695313 161.9612884521484 -1399.100463867188 158.8399810791016 C -1395.940673828125 155.7188262939453 -1391.739868164063 153.9999237060547 -1387.271240234375 153.9999237060547 C -1382.802978515625 153.9999237060547 -1378.60205078125 155.7188262939453 -1375.442749023438 158.8399810791016 C -1372.283569335938 161.9610748291016 -1370.543579101563 166.1109161376953 -1370.543579101563 170.5250701904297 C -1370.543579101563 172.6068572998047 -1371.422973632813 175.3218231201172 -1373.157348632813 178.5945129394531 C -1374.545166015625 181.2133026123047 -1376.479858398438 184.1923217773438 -1378.907348632813 187.4488220214844 C -1383.001831054688 192.9412841796875 -1387.097900390625 197.3419189453125 -1387.270263671875 197.5265808105469 L -1387.271240234375 197.5276184082031 Z M -1386.956665039063 162.7806549072266 C -1390.756469726563 162.7806549072266 -1393.847778320313 165.8349456787109 -1393.847778320313 169.5891571044922 C -1393.847778320313 173.3433532714844 -1390.756469726563 176.3976440429688 -1386.956665039063 176.3976440429688 C -1383.15625 176.3976440429688 -1380.064086914063 173.3433532714844 -1380.064086914063 169.5891571044922 C -1380.064086914063 165.8349456787109 -1383.15625 162.7806549072266 -1386.956665039063 162.7806549072266 Z\" stroke=\"none\" fill=\"var(--e-global-color-text)\" \/><\/g><\/g><\/svg>                                                    <\/div>\n                <\/div>\n            \n            <div class=\"aux-text-inner aux-text-widget-content\">\n                                <h4 class=\"col-title\">Encu\u00e9ntranos<\/h4>\n                                <div class=\"widget-content\">\n                                        <p><strong>Bogot\u00e1<br \/><\/strong>Calle 97 # 70c-89 T7 of 501<\/p>                <\/div>\n                            <\/div>\n        <\/div>\n                    <div class=\"aux-text-widget-footer\">\n                <div class=\"aux-border-shape-none \">\n                                <\/div>\n            <\/div>\n        \n<\/section><!-- widget-container -->\t\t\t\t<\/div>\n\t\t\t\t<\/div>\n\t\t\t\t\t<\/div>\n\t\t<\/div>\n\t\t\t\t<div class=\"aux-parallax-section elementor-column elementor-col-33 elementor-top-column elementor-element elementor-element-7954337\" data-id=\"7954337\" data-element_type=\"column\">\n\t\t\t<div class=\"elementor-widget-wrap elementor-element-populated\">\n\t\t\t\t\t\t<div class=\"elementor-element elementor-element-4da9a34 elementor-widget__width-auto aux-appear-watch-animation aux-fade-in-left-2 elementor-widget elementor-widget-aux_text\" data-id=\"4da9a34\" data-element_type=\"widget\" data-widget_type=\"aux_text.default\">\n\t\t\t\t<div class=\"elementor-widget-container\">\n\t\t\t\t\t<section class=\"widget-container aux-widget-text aux-parent-au81b31570\">        <div class=\"aux-widget-advanced-text aux-wrap-style-simple aux-ico-pos-left aux-text-left aux-text-resp- aux-text-color-dark aux-text-widget-bg-center  \" >\n        \n                            <div class=\"aux-text-widget-header \"  >\n                        <div class=\"aux-ico-box aux-ico-large aux-ico-clear \">\n                                                                <svg xmlns=\"http:\/\/www.w3.org\/2000\/svg\" width=\"44.743\" height=\"29.603\" viewBox=\"0 0 44.743 29.603\"><g transform=\"translate(-16.687 -28.65)\"><g transform=\"translate(17.037 29)\"><path d=\"M21.166,981.362a4.151,4.151,0,0,0-4.129,4.129v20.645a4.151,4.151,0,0,0,4.129,4.129H56.951a4.151,4.151,0,0,0,4.129-4.129V985.491a4.151,4.151,0,0,0-4.129-4.129Zm0,2.753H56.951a1.344,1.344,0,0,1,1.376,1.376v20.645a1.344,1.344,0,0,1-1.376,1.376H21.166a1.344,1.344,0,0,1-1.376-1.376V985.491A1.344,1.344,0,0,1,21.166,984.115Zm4.667,2.731a1.376,1.376,0,0,0-.817,2.365l6.925,6.882-6.882,6.258a1.378,1.378,0,0,0,1.849,2.043l6.989-6.365,2.086,2.065a4.372,4.372,0,0,0,6.129,0l2.086-2.065,7.011,6.365a1.378,1.378,0,1,0,1.849-2.043l-6.9-6.28,6.946-6.86a1.376,1.376,0,1,0-1.936-1.957L40.156,998.136a1.85,1.85,0,0,1-2.237,0L26.951,987.255a1.376,1.376,0,0,0-1.118-.408Z\" transform=\"translate(-17.037 -981.362)\" stroke=\"#fff\" stroke-width=\"0.7\" \/><\/g><\/g><\/svg>                                                    <\/div>\n                <\/div>\n            \n            <div class=\"aux-text-inner aux-text-widget-content\">\n                                <h4 class=\"col-title\">Nuestro Email<\/h4>\n                                <div class=\"widget-content\">\n                                        <p><a href=\"mailto:ventas@severity.com.co\">ventas@severity.com.co<\/a><\/p>                <\/div>\n                            <\/div>\n        <\/div>\n                    <div class=\"aux-text-widget-footer\">\n                <div class=\"aux-border-shape-none \">\n                                <\/div>\n            <\/div>\n        \n<\/section><!-- widget-container -->\t\t\t\t<\/div>\n\t\t\t\t<\/div>\n\t\t\t\t\t<\/div>\n\t\t<\/div>\n\t\t\t\t\t<\/div>\n\t\t<\/section>\n\t\t\t\t<\/div>\n\t\t","protected":false},"excerpt":{"rendered":"<p>Contacta con nosotros P\u00f3ngase en contacto con nosotros, Por favor, activa JavaScript en tu navegador para completar este formulario.Por favor, activa JavaScript en tu navegador para completar este formulario. Nombre * NombreApellidos Correo electr\u00f3nico *Comentario o mensaje Enviar Nuestro Tel\u00e9fono +57 3188031595 Encu\u00e9ntranos Bogot\u00e1Calle 97 # 70c-89 T7 of 501 Nuestro Email ventas@severity.com.co<\/p>\n","protected":false},"author":1,"featured_media":0,"parent":0,"menu_order":0,"comment_status":"closed","ping_status":"closed","template":"templates\/page-builder-content.php","meta":{"_monsterinsights_skip_tracking":false,"_monsterinsights_sitenote_active":false,"_monsterinsights_sitenote_note":"","_monsterinsights_sitenote_category":0,"footnotes":""},"aioseo_notices":[],"_links":{"self":[{"href":"https:\/\/severity.com.co\/index.php\/wp-json\/wp\/v2\/pages\/62"}],"collection":[{"href":"https:\/\/severity.com.co\/index.php\/wp-json\/wp\/v2\/pages"}],"about":[{"href":"https:\/\/severity.com.co\/index.php\/wp-json\/wp\/v2\/types\/page"}],"author":[{"embeddable":true,"href":"https:\/\/severity.com.co\/index.php\/wp-json\/wp\/v2\/users\/1"}],"replies":[{"embeddable":true,"href":"https:\/\/severity.com.co\/index.php\/wp-json\/wp\/v2\/comments?post=62"}],"version-history":[{"count":24,"href":"https:\/\/severity.com.co\/index.php\/wp-json\/wp\/v2\/pages\/62\/revisions"}],"predecessor-version":[{"id":453,"href":"https:\/\/severity.com.co\/index.php\/wp-json\/wp\/v2\/pages\/62\/revisions\/453"}],"wp:attachment":[{"href":"https:\/\/severity.com.co\/index.php\/wp-json\/wp\/v2\/media?parent=62"}],"curies":[{"name":"wp","href":"https:\/\/api.w.org\/{rel}","templated":true}]}}